{"id":114,"date":"2024-09-17T12:11:34","date_gmt":"2024-09-17T10:11:34","guid":{"rendered":"https:\/\/grmasterpieces.com\/fr\/?post_type=product&#038;p=114"},"modified":"2025-03-27T12:33:04","modified_gmt":"2025-03-27T11:33:04","slug":"toyota-yaris-gr-support-de-genou","status":"publish","type":"product","link":"https:\/\/grmasterpieces.com\/fr\/toyota-yaris-gr-support-de-genou\/","title":{"rendered":"Toyota Yaris GR &#8211; Support de genou"},"content":{"rendered":"<ul>\n<li>L&#8217;installation s&#8217;effectue \u00e0 l&#8217;aide un ruban adh\u00e9sif sp\u00e9cial, afin qu&#8217;aucun dommage permanent ne se produise<\/li>\n<li>Nous traitons uniquement les couleurs de fil\/couture d&#8217;origine.<\/li>\n<li>Fabriqu\u00e9 aux Pays-Bas<\/li>\n<\/ul>\n","protected":false},"excerpt":{"rendered":"<div>Les genouill\u00e8res des Yaris GR 1 et GR 2 sont identiques<\/div>\n<div class=\"elementToProof\">Toyota Yaris GR Genouill\u00e8re et recouverte de v\u00e9ritable Alcantara\u00ae. L&#8217;int\u00e9rieur est rempli de caoutchouc mousse de 6 mm.<br \/>\nTemps de montage 10 minutes (plug and play)<\/div>\n","protected":false},"featured_media":242,"template":"","meta":[],"product_brand":[],"product_cat":[16],"product_tag":[],"class_list":{"0":"post-114","1":"product","2":"type-product","3":"status-publish","4":"has-post-thumbnail","6":"product_cat-interieur","8":"first","9":"instock","10":"shipping-taxable","11":"purchasable","12":"product-type-variable"},"meta_box":[],"_links":{"self":[{"href":"https:\/\/grmasterpieces.com\/fr\/wp-json\/wp\/v2\/product\/114","targetHints":{"allow":["GET"]}}],"collection":[{"href":"https:\/\/grmasterpieces.com\/fr\/wp-json\/wp\/v2\/product"}],"about":[{"href":"https:\/\/grmasterpieces.com\/fr\/wp-json\/wp\/v2\/types\/product"}],"wp:featuredmedia":[{"embeddable":true,"href":"https:\/\/grmasterpieces.com\/fr\/wp-json\/wp\/v2\/media\/242"}],"wp:attachment":[{"href":"https:\/\/grmasterpieces.com\/fr\/wp-json\/wp\/v2\/media?parent=114"}],"wp:term":[{"taxonomy":"product_brand","embeddable":true,"href":"https:\/\/grmasterpieces.com\/fr\/wp-json\/wp\/v2\/product_brand?post=114"},{"taxonomy":"product_cat","embeddable":true,"href":"https:\/\/grmasterpieces.com\/fr\/wp-json\/wp\/v2\/product_cat?post=114"},{"taxonomy":"product_tag","embeddable":true,"href":"https:\/\/grmasterpieces.com\/fr\/wp-json\/wp\/v2\/product_tag?post=114"}],"curies":[{"name":"wp","href":"https:\/\/api.w.org\/{rel}","templated":true}]}}